{"id":318,"date":"2023-03-19T10:59:04","date_gmt":"2023-03-19T10:59:04","guid":{"rendered":"https:\/\/podologiepraxis-stock.de\/?page_id=318"},"modified":"2023-06-09T06:08:10","modified_gmt":"2023-06-09T06:08:10","slug":"wichtig-zu-wissen","status":"publish","type":"page","link":"https:\/\/podologiepraxis-stock.de\/?page_id=318","title":{"rendered":"Wichtig zu wissen"},"content":{"rendered":"\t\t<div data-elementor-type=\"wp-page\" data-elementor-id=\"318\" class=\"elementor elementor-318\">\n\t\t\t\t\t\t\t\t\t<section class=\"elementor-section elementor-top-section elementor-element elementor-element-e281014 elementor-section-full_width elementor-section-height-min-height elementor-section-items-stretch elementor-section-content-middle elementor-section-height-default\" data-id=\"e281014\" data-element_type=\"section\">\n\t\t\t\t\t\t<div class=\"elementor-container elementor-column-gap-no\">\n\t\t\t\t\t<div class=\"elementor-column elementor-col-100 elementor-top-column elementor-element elementor-element-cdec385\" data-id=\"cdec385\" data-element_type=\"column\">\n\t\t\t<div class=\"elementor-widget-wrap elementor-element-populated\">\n\t\t\t\t\t\t\t\t<section class=\"elementor-section elementor-inner-section elementor-element elementor-element-f86fefa elementor-section-boxed elementor-section-height-default elementor-section-height-default\" data-id=\"f86fefa\" data-element_type=\"section\">\n\t\t\t\t\t\t<div class=\"elementor-container elementor-column-gap-default\">\n\t\t\t\t\t<div class=\"elementor-column elementor-col-50 elementor-inner-column elementor-element elementor-element-2b88d05\" data-id=\"2b88d05\" data-element_type=\"column\">\n\t\t\t<div class=\"elementor-widget-wrap elementor-element-populated\">\n\t\t\t\t\t\t\t\t<div class=\"elementor-element elementor-element-546c393c elementor-invisible elementor-widget elementor-widget-heading\" data-id=\"546c393c\" data-element_type=\"widget\" data-settings=\"{&quot;_animation&quot;:&quot;fadeIn&quot;,&quot;_animation_mobile&quot;:&quot;none&quot;}\" data-widget_type=\"heading.default\">\n\t\t\t\t<div class=\"elementor-widget-container\">\n\t\t\t<style>\/*! elementor - v3.12.1 - 02-04-2023 *\/\n.elementor-heading-title{padding:0;margin:0;line-height:1}.elementor-widget-heading .elementor-heading-title[class*=elementor-size-]>a{color:inherit;font-size:inherit;line-height:inherit}.elementor-widget-heading .elementor-heading-title.elementor-size-small{font-size:15px}.elementor-widget-heading .elementor-heading-title.elementor-size-medium{font-size:19px}.elementor-widget-heading .elementor-heading-title.elementor-size-large{font-size:29px}.elementor-widget-heading .elementor-heading-title.elementor-size-xl{font-size:39px}.elementor-widget-heading .elementor-heading-title.elementor-size-xxl{font-size:59px}<\/style><h1 class=\"elementor-heading-title elementor-size-default\">Wichtig zu wissen<\/h1>\t\t<\/div>\n\t\t\t\t<\/div>\n\t\t\t\t<div class=\"elementor-element elementor-element-e34f487 elementor-invisible elementor-widget elementor-widget-text-editor\" data-id=\"e34f487\" data-element_type=\"widget\" data-settings=\"{&quot;_animation&quot;:&quot;fadeIn&quot;,&quot;_animation_mobile&quot;:&quot;none&quot;,&quot;_animation_delay&quot;:&quot;200&quot;}\" data-widget_type=\"text-editor.default\">\n\t\t\t\t<div class=\"elementor-widget-container\">\n\t\t\t<style>\/*! elementor - v3.12.1 - 02-04-2023 *\/\n.elementor-widget-text-editor.elementor-drop-cap-view-stacked .elementor-drop-cap{background-color:#69727d;color:#fff}.elementor-widget-text-editor.elementor-drop-cap-view-framed .elementor-drop-cap{color:#69727d;border:3px solid;background-color:transparent}.elementor-widget-text-editor:not(.elementor-drop-cap-view-default) .elementor-drop-cap{margin-top:8px}.elementor-widget-text-editor:not(.elementor-drop-cap-view-default) .elementor-drop-cap-letter{width:1em;height:1em}.elementor-widget-text-editor .elementor-drop-cap{float:left;text-align:center;line-height:1;font-size:50px}.elementor-widget-text-editor .elementor-drop-cap-letter{display:inline-block}<\/style>\t\t\t\t<h2><span style=\"color: #ff0000;\"><strong>Nur wo Podologe drauf steht, ist auch Podologe drin!<\/strong><\/span><\/h2><p><strong>Warum?<\/strong><\/p><h4><strong><span style=\"color: #ff0000;\">Nur ein Podologe <\/span><\/strong>darf unter \u00e4rztlicher Anordnung mit den Krankenkassen-sofern er eine Kassenzulassung hat &#8211; abrechnen, und nur ein Podologe <strong><span style=\"color: #ff0000;\">darf an einem nicht gesunden Fu\u00df, bzw. mit pathologischen Ver\u00e4nderungen arbeiten und behandeln!<\/span><\/strong><\/h4><h4>Auch der Begriff medizinische Fu\u00dfpflege ist <span style=\"color: #ff0000;\">NICHT<\/span><strong><span style=\"color: #ff0000;\">\u00a0<\/span><\/strong>mit einem Podologen gleichzusetzen.<\/h4><h3><strong><span style=\"color: #ff0000;\">Ebenfalls d\u00fcrfen Nagelkorrekturspangen bzw. Nagelkorrektursysteme nur von \u00c4rzten und Podologen gesetzt werden-<\/span><\/strong><\/h3><h3><strong><span style=\"color: #ff0000;\">-Nicht von Fu\u00dfpfleger*innen oder auch\u00a0 Fachfu\u00dfpfleger*innen.<\/span><\/strong><\/h3><p>\u00a0<\/p><p>Seit dem 2. Januar 2002 ist die Berufsbezeichnung Podologe durch das Podologengesetz gesch\u00fctzt. Den Titel darf nur f\u00fchren, wer eine zweij\u00e4hrige &#8211; oder als gleichwertig anerkannte &#8211; Ausbildung und ein erfolgreiche abgelegtes Staatsexamen nachweisen kann.<\/p><p>Der gesch\u00fctzte medizinische Fachberuf, der in der Ausbildung die Bereiche der inneren Medizin, Orthop\u00e4die, Dermatologie und Mikrobiologie abdeckt, ist in seinem Handlungsfeld berechtigt, sowohl kosmetische als auch medizinische Behandlungen durchzuf\u00fchren.<\/p><p><b><br \/>Krankenkassenzulassung:<\/b><\/p><p><b><br \/><\/b>Meine Praxis ist von allen Krankenkassen Deutschlands zugelassen<\/p><p>Voraussetzung daf\u00fcr ist die Anerkennung der Ausbildung als Podologe\/Podologin durch das Gesundheitsamt und eine den Anforderungen der Krankenkassen entsprechende Ausstattung der Praxis sowie der Nachweis der st\u00e4ndigen Weiterbildung.<br \/>Gerade jetzt in dieser Zeit, stellt der Anspruch an unsere Hygienema\u00dfnahmen einen wichtigen Bereich dar.<\/p><p>Jeder Podologe ist verpflichtet sich an die Hygieneverordnung sowie an die richtige Instrumentenaufbereitung zu halten und diese auch zu dokumentieren.<\/p>\t\t\t\t\t\t<\/div>\n\t\t\t\t<\/div>\n\t\t\t\t\t<\/div>\n\t\t<\/div>\n\t\t\t\t<div class=\"elementor-column elementor-col-50 elementor-inner-column elementor-element elementor-element-a7301a7\" data-id=\"a7301a7\" data-element_type=\"column\">\n\t\t\t<div class=\"elementor-widget-wrap elementor-element-populated\">\n\t\t\t\t\t\t\t\t<div class=\"elementor-element elementor-element-22c14cf elementor-widget elementor-widget-image\" data-id=\"22c14cf\" data-element_type=\"widget\" data-widget_type=\"image.default\">\n\t\t\t\t<div class=\"elementor-widget-container\">\n\t\t\t<style>\/*! elementor - v3.12.1 - 02-04-2023 *\/\n.elementor-widget-image{text-align:center}.elementor-widget-image a{display:inline-block}.elementor-widget-image a img[src$=\".svg\"]{width:48px}.elementor-widget-image img{vertical-align:middle;display:inline-block}<\/style>\t\t\t\t\t\t\t\t\t\t\t\t<img loading=\"lazy\" decoding=\"async\" width=\"724\" height=\"1024\" src=\"https:\/\/podologiepraxis-stock.de\/wp-content\/uploads\/2023\/03\/2021_Podologie_vs_Fusspflege_podo_deutschland-724x1024.jpg\" class=\"attachment-large size-large wp-image-320\" alt=\"\" srcset=\"https:\/\/podologiepraxis-stock.de\/wp-content\/uploads\/2023\/03\/2021_Podologie_vs_Fusspflege_podo_deutschland-724x1024.jpg 724w, https:\/\/podologiepraxis-stock.de\/wp-content\/uploads\/2023\/03\/2021_Podologie_vs_Fusspflege_podo_deutschland-212x300.jpg 212w, https:\/\/podologiepraxis-stock.de\/wp-content\/uploads\/2023\/03\/2021_Podologie_vs_Fusspflege_podo_deutschland-768x1086.jpg 768w, https:\/\/podologiepraxis-stock.de\/wp-content\/uploads\/2023\/03\/2021_Podologie_vs_Fusspflege_podo_deutschland-1086x1536.jpg 1086w, https:\/\/podologiepraxis-stock.de\/wp-content\/uploads\/2023\/03\/2021_Podologie_vs_Fusspflege_podo_deutschland-1448x2048.jpg 1448w, https:\/\/podologiepraxis-stock.de\/wp-content\/uploads\/2023\/03\/2021_Podologie_vs_Fusspflege_podo_deutschland-scaled.jpg 1810w\" sizes=\"auto, (max-width: 724px) 100vw, 724px\" \/>\t\t\t\t\t\t\t\t\t\t\t\t\t\t\t<\/div>\n\t\t\t\t<\/div>\n\t\t\t\t\t<\/div>\n\t\t<\/div>\n\t\t\t\t\t\t\t<\/div>\n\t\t<\/section>\n\t\t\t\t\t<\/div>\n\t\t<\/div>\n\t\t\t\t\t\t\t<\/div>\n\t\t<\/section>\n\t\t\t\t<section class=\"elementor-section elementor-top-section elementor-element elementor-element-e4e51da elementor-section-boxed elementor-section-height-default elementor-section-height-default\" data-id=\"e4e51da\" data-element_type=\"section\">\n\t\t\t\t\t\t<div class=\"elementor-container elementor-column-gap-default\">\n\t\t\t\t\t<div class=\"elementor-column elementor-col-100 elementor-top-column elementor-element elementor-element-6aafde1\" data-id=\"6aafde1\" data-element_type=\"column\">\n\t\t\t<div class=\"elementor-widget-wrap\">\n\t\t\t\t\t\t\t\t\t<\/div>\n\t\t<\/div>\n\t\t\t\t\t\t\t<\/div>\n\t\t<\/section>\n\t\t\t\t\t\t\t<\/div>\n\t\t","protected":false},"excerpt":{"rendered":"<p>Wichtig zu wissen Nur wo Podologe drauf steht, ist auch Podologe drin! Warum? Nur ein Podologe darf unter \u00e4rztlicher Anordnung mit den Krankenkassen-sofern er eine Kassenzulassung hat &#8211; abrechnen, und nur ein Podologe darf an einem nicht gesunden Fu\u00df, bzw. mit pathologischen Ver\u00e4nderungen arbeiten und behandeln! Auch der Begriff medizinische Fu\u00dfpflege ist NICHT\u00a0mit einem Podologen [&hellip;]<\/p>\n","protected":false},"author":1,"featured_media":0,"parent":0,"menu_order":0,"comment_status":"closed","ping_status":"closed","template":"elementor_header_footer","meta":{"footnotes":""},"class_list":["post-318","page","type-page","status-publish","hentry"],"_links":{"self":[{"href":"https:\/\/podologiepraxis-stock.de\/index.php?rest_route=\/wp\/v2\/pages\/318","targetHints":{"allow":["GET"]}}],"collection":[{"href":"https:\/\/podologiepraxis-stock.de\/index.php?rest_route=\/wp\/v2\/pages"}],"about":[{"href":"https:\/\/podologiepraxis-stock.de\/index.php?rest_route=\/wp\/v2\/types\/page"}],"author":[{"embeddable":true,"href":"https:\/\/podologiepraxis-stock.de\/index.php?rest_route=\/wp\/v2\/users\/1"}],"replies":[{"embeddable":true,"href":"https:\/\/podologiepraxis-stock.de\/index.php?rest_route=%2Fwp%2Fv2%2Fcomments&post=318"}],"version-history":[{"count":7,"href":"https:\/\/podologiepraxis-stock.de\/index.php?rest_route=\/wp\/v2\/pages\/318\/revisions"}],"predecessor-version":[{"id":479,"href":"https:\/\/podologiepraxis-stock.de\/index.php?rest_route=\/wp\/v2\/pages\/318\/revisions\/479"}],"wp:attachment":[{"href":"https:\/\/podologiepraxis-stock.de\/index.php?rest_route=%2Fwp%2Fv2%2Fmedia&parent=318"}],"curies":[{"name":"wp","href":"https:\/\/api.w.org\/{rel}","templated":true}]}}