{"id":100,"date":"2022-10-25T11:35:35","date_gmt":"2022-10-25T11:35:35","guid":{"rendered":"https:\/\/podologiepraxis-stock.de\/?page_id=100"},"modified":"2026-03-27T13:00:58","modified_gmt":"2026-03-27T13:00:58","slug":"home","status":"publish","type":"page","link":"https:\/\/podologiepraxis-stock.de\/","title":{"rendered":"Home"},"content":{"rendered":"\t\t<div data-elementor-type=\"wp-page\" data-elementor-id=\"100\" class=\"elementor elementor-100\">\n\t\t\t\t\t\t\t\t\t<section class=\"elementor-section elementor-top-section elementor-element elementor-element-9b82e75 elementor-section-boxed elementor-section-height-default elementor-section-height-default\" data-id=\"9b82e75\" data-element_type=\"section\">\n\t\t\t\t\t\t<div class=\"elementor-container elementor-column-gap-default\">\n\t\t\t\t\t<div class=\"elementor-column elementor-col-100 elementor-top-column elementor-element elementor-element-fc31b5b\" data-id=\"fc31b5b\" data-element_type=\"column\">\n\t\t\t<div class=\"elementor-widget-wrap elementor-element-populated\">\n\t\t\t\t\t\t\t\t<div class=\"elementor-element elementor-element-c887ad1 elementor-widget elementor-widget-text-editor\" data-id=\"c887ad1\" data-element_type=\"widget\" data-widget_type=\"text-editor.default\">\n\t\t\t\t<div class=\"elementor-widget-container\">\n\t\t\t<style>\/*! elementor - v3.12.1 - 02-04-2023 *\/\n.elementor-widget-text-editor.elementor-drop-cap-view-stacked .elementor-drop-cap{background-color:#69727d;color:#fff}.elementor-widget-text-editor.elementor-drop-cap-view-framed .elementor-drop-cap{color:#69727d;border:3px solid;background-color:transparent}.elementor-widget-text-editor:not(.elementor-drop-cap-view-default) .elementor-drop-cap{margin-top:8px}.elementor-widget-text-editor:not(.elementor-drop-cap-view-default) .elementor-drop-cap-letter{width:1em;height:1em}.elementor-widget-text-editor .elementor-drop-cap{float:left;text-align:center;line-height:1;font-size:50px}.elementor-widget-text-editor .elementor-drop-cap-letter{display:inline-block}<\/style>\t\t\t\t\t\t\t\t\t\t<\/div>\n\t\t\t\t<\/div>\n\t\t\t\t\t<\/div>\n\t\t<\/div>\n\t\t\t\t\t\t\t<\/div>\n\t\t<\/section>\n\t\t\t\t<section class=\"elementor-section elementor-top-section elementor-element elementor-element-68ebc6a elementor-section-boxed elementor-section-height-default elementor-section-height-default\" data-id=\"68ebc6a\" data-element_type=\"section\">\n\t\t\t\t\t\t<div class=\"elementor-container elementor-column-gap-default\">\n\t\t\t\t\t<div class=\"elementor-column elementor-col-100 elementor-top-column elementor-element elementor-element-b72e308\" data-id=\"b72e308\" data-element_type=\"column\">\n\t\t\t<div class=\"elementor-widget-wrap elementor-element-populated\">\n\t\t\t\t\t\t\t\t<div class=\"elementor-element elementor-element-b7bd605 elementor-widget elementor-widget-text-editor\" data-id=\"b7bd605\" data-element_type=\"widget\" data-widget_type=\"text-editor.default\">\n\t\t\t\t<div class=\"elementor-widget-container\">\n\t\t\t\t\t\t\t<h1><span style=\"color: #ff0000;\"><strong>Praxisurlaub vom 27.03.2026 bis zum 12.04.2026<\/strong><\/span><\/h1><h1><span style=\"color: #ff0000;\"><strong> Zur Zeit k\u00f6nnen wir keine Neupatienten aufnehmen<\/strong><\/span><\/h1>\t\t\t\t\t\t<\/div>\n\t\t\t\t<\/div>\n\t\t\t\t\t<\/div>\n\t\t<\/div>\n\t\t\t\t\t\t\t<\/div>\n\t\t<\/section>\n\t\t\t\t<section class=\"elementor-section elementor-top-section elementor-element elementor-element-3111b0bb elementor-section-full_width elementor-section-height-min-height elementor-section-items-stretch elementor-section-content-middle elementor-section-height-default\" data-id=\"3111b0bb\" data-element_type=\"section\">\n\t\t\t\t\t\t<div class=\"elementor-container elementor-column-gap-no\">\n\t\t\t\t\t<div class=\"elementor-column elementor-col-100 elementor-top-column elementor-element elementor-element-14a177aa\" data-id=\"14a177aa\" data-element_type=\"column\">\n\t\t\t<div class=\"elementor-widget-wrap elementor-element-populated\">\n\t\t\t\t\t\t\t\t<div class=\"elementor-element elementor-element-210136ba elementor-widget__width-initial elementor-absolute elementor-widget-tablet__width-initial elementor-widget-mobile__width-inherit elementor-widget elementor-widget-spacer\" data-id=\"210136ba\" data-element_type=\"widget\" data-settings=\"{&quot;_position&quot;:&quot;absolute&quot;,&quot;motion_fx_motion_fx_scrolling&quot;:&quot;yes&quot;,&quot;motion_fx_translateX_effect&quot;:&quot;yes&quot;,&quot;motion_fx_translateX_speed&quot;:{&quot;unit&quot;:&quot;px&quot;,&quot;size&quot;:&quot;0.5&quot;,&quot;sizes&quot;:[]},&quot;motion_fx_devices&quot;:[&quot;desktop&quot;,&quot;tablet&quot;],&quot;motion_fx_translateX_affectedRange&quot;:{&quot;unit&quot;:&quot;%&quot;,&quot;size&quot;:&quot;&quot;,&quot;sizes&quot;:{&quot;start&quot;:0,&quot;end&quot;:100}}}\" data-widget_type=\"spacer.default\">\n\t\t\t\t<div class=\"elementor-widget-container\">\n\t\t\t<style>\/*! elementor - v3.12.1 - 02-04-2023 *\/\n.elementor-column .elementor-spacer-inner{height:var(--spacer-size)}.e-con{--container-widget-width:100%}.e-con-inner>.elementor-widget-spacer,.e-con>.elementor-widget-spacer{width:var(--container-widget-width,var(--spacer-size));--align-self:var(--container-widget-align-self,initial);--flex-shrink:0}.e-con-inner>.elementor-widget-spacer>.elementor-widget-container,.e-con-inner>.elementor-widget-spacer>.elementor-widget-container>.elementor-spacer,.e-con>.elementor-widget-spacer>.elementor-widget-container,.e-con>.elementor-widget-spacer>.elementor-widget-container>.elementor-spacer{height:100%}.e-con-inner>.elementor-widget-spacer>.elementor-widget-container>.elementor-spacer>.elementor-spacer-inner,.e-con>.elementor-widget-spacer>.elementor-widget-container>.elementor-spacer>.elementor-spacer-inner{height:var(--container-widget-height,var(--spacer-size))}<\/style>\t\t<div class=\"elementor-spacer\">\n\t\t\t<div class=\"elementor-spacer-inner\"><\/div>\n\t\t<\/div>\n\t\t\t\t<\/div>\n\t\t\t\t<\/div>\n\t\t\t\t<section class=\"elementor-section elementor-inner-section elementor-element elementor-element-1b78b789 elementor-section-content-middle elementor-section-boxed elementor-section-height-default elementor-section-height-default\" data-id=\"1b78b789\" data-element_type=\"section\">\n\t\t\t\t\t\t<div class=\"elementor-container elementor-column-gap-no\">\n\t\t\t\t\t<div class=\"elementor-column elementor-col-50 elementor-inner-column elementor-element elementor-element-141da597\" data-id=\"141da597\" data-element_type=\"column\">\n\t\t\t<div class=\"elementor-widget-wrap elementor-element-populated\">\n\t\t\t\t\t\t\t\t<div class=\"elementor-element elementor-element-9a17641 elementor-invisible elementor-widget elementor-widget-heading\" data-id=\"9a17641\" data-element_type=\"widget\" data-settings=\"{&quot;_animation&quot;:&quot;fadeIn&quot;,&quot;_animation_mobile&quot;:&quot;none&quot;}\" data-widget_type=\"heading.default\">\n\t\t\t\t<div class=\"elementor-widget-container\">\n\t\t\t<style>\/*! elementor - v3.12.1 - 02-04-2023 *\/\n.elementor-heading-title{padding:0;margin:0;line-height:1}.elementor-widget-heading .elementor-heading-title[class*=elementor-size-]>a{color:inherit;font-size:inherit;line-height:inherit}.elementor-widget-heading .elementor-heading-title.elementor-size-small{font-size:15px}.elementor-widget-heading .elementor-heading-title.elementor-size-medium{font-size:19px}.elementor-widget-heading .elementor-heading-title.elementor-size-large{font-size:29px}.elementor-widget-heading .elementor-heading-title.elementor-size-xl{font-size:39px}.elementor-widget-heading .elementor-heading-title.elementor-size-xxl{font-size:59px}<\/style><h1 class=\"elementor-heading-title elementor-size-medium\">Podologische Fu\u00dfbehandlung in G\u00fctersloh-Friedrichsdorf <\/h1>\t\t<\/div>\n\t\t\t\t<\/div>\n\t\t\t\t\t<\/div>\n\t\t<\/div>\n\t\t\t\t<div class=\"elementor-column elementor-col-50 elementor-inner-column elementor-element elementor-element-37f5d174\" data-id=\"37f5d174\" data-element_type=\"column\">\n\t\t\t<div class=\"elementor-widget-wrap elementor-element-populated\">\n\t\t\t\t\t\t\t\t<div class=\"elementor-element elementor-element-19e4f357 elementor-cta--skin-cover elementor-cta--valign-middle elementor-widget__width-initial elementor-widget-tablet__width-inherit elementor-widget elementor-widget-call-to-action\" data-id=\"19e4f357\" data-element_type=\"widget\" data-widget_type=\"call-to-action.default\">\n\t\t\t\t<div class=\"elementor-widget-container\">\n\t\t\t<link rel=\"stylesheet\" href=\"https:\/\/podologiepraxis-stock.de\/wp-content\/plugins\/elementor-pro\/assets\/css\/widget-call-to-action.min.css\">\t\t<div class=\"elementor-cta\">\n\t\t\t\t\t<div class=\"elementor-cta__bg-wrapper\">\n\t\t\t\t<div class=\"elementor-cta__bg elementor-bg\" style=\"background-image: url(https:\/\/podologiepraxis-stock.de\/wp-content\/uploads\/2022\/10\/1932163-1024x683.jpg);\"><\/div>\n\t\t\t\t<div class=\"elementor-cta__bg-overlay\"><\/div>\n\t\t\t<\/div>\n\t\t\t\t\t\t\t<div class=\"elementor-cta__content\">\n\t\t\t\t\n\t\t\t\t<h4 class=\"elementor-cta__title elementor-cta__content-item elementor-content-item\"> <\/h4>\n\t\t\t\t\n\t\t\t\t\t\t\t<\/div>\n\t\t\t\t\t\t<\/div>\n\t\t\t\t<\/div>\n\t\t\t\t<\/div>\n\t\t\t\t\t<\/div>\n\t\t<\/div>\n\t\t\t\t\t\t\t<\/div>\n\t\t<\/section>\n\t\t\t\t\t<\/div>\n\t\t<\/div>\n\t\t\t\t\t\t\t<\/div>\n\t\t<\/section>\n\t\t\t\t<section class=\"elementor-section elementor-top-section elementor-element elementor-element-bb2f8d5 elementor-section-full_width elementor-section-height-default elementor-section-height-default\" data-id=\"bb2f8d5\" data-element_type=\"section\">\n\t\t\t\t\t\t<div class=\"elementor-container elementor-column-gap-default\">\n\t\t\t\t\t<div class=\"elementor-column elementor-col-100 elementor-top-column elementor-element elementor-element-27aafbc\" data-id=\"27aafbc\" data-element_type=\"column\">\n\t\t\t<div class=\"elementor-widget-wrap elementor-element-populated\">\n\t\t\t\t\t\t\t\t<div class=\"elementor-element elementor-element-549309d elementor-widget elementor-widget-image\" data-id=\"549309d\" data-element_type=\"widget\" data-settings=\"{&quot;motion_fx_motion_fx_scrolling&quot;:&quot;yes&quot;,&quot;motion_fx_scale_effect&quot;:&quot;yes&quot;,&quot;motion_fx_scale_range&quot;:{&quot;unit&quot;:&quot;%&quot;,&quot;size&quot;:&quot;&quot;,&quot;sizes&quot;:{&quot;start&quot;:27,&quot;end&quot;:100}},&quot;motion_fx_scale_direction&quot;:&quot;out-in&quot;,&quot;motion_fx_scale_speed&quot;:{&quot;unit&quot;:&quot;px&quot;,&quot;size&quot;:4,&quot;sizes&quot;:[]},&quot;motion_fx_devices&quot;:[&quot;desktop&quot;,&quot;tablet&quot;,&quot;mobile&quot;]}\" data-widget_type=\"image.default\">\n\t\t\t\t<div class=\"elementor-widget-container\">\n\t\t\t<style>\/*! elementor - v3.12.1 - 02-04-2023 *\/\n.elementor-widget-image{text-align:center}.elementor-widget-image a{display:inline-block}.elementor-widget-image a img[src$=\".svg\"]{width:48px}.elementor-widget-image img{vertical-align:middle;display:inline-block}<\/style>\t\t\t\t\t\t\t\t\t\t\t\t<img loading=\"lazy\" decoding=\"async\" width=\"2100\" height=\"667\" src=\"https:\/\/podologiepraxis-stock.de\/wp-content\/uploads\/2023\/04\/anmeldung_panorama.jpg\" class=\"attachment-full size-full wp-image-428\" alt=\"\" srcset=\"https:\/\/podologiepraxis-stock.de\/wp-content\/uploads\/2023\/04\/anmeldung_panorama.jpg 2100w, https:\/\/podologiepraxis-stock.de\/wp-content\/uploads\/2023\/04\/anmeldung_panorama-300x95.jpg 300w, https:\/\/podologiepraxis-stock.de\/wp-content\/uploads\/2023\/04\/anmeldung_panorama-1024x325.jpg 1024w, https:\/\/podologiepraxis-stock.de\/wp-content\/uploads\/2023\/04\/anmeldung_panorama-768x244.jpg 768w, https:\/\/podologiepraxis-stock.de\/wp-content\/uploads\/2023\/04\/anmeldung_panorama-1536x488.jpg 1536w, https:\/\/podologiepraxis-stock.de\/wp-content\/uploads\/2023\/04\/anmeldung_panorama-2048x650.jpg 2048w\" sizes=\"auto, (max-width: 2100px) 100vw, 2100px\" \/>\t\t\t\t\t\t\t\t\t\t\t\t\t\t\t<\/div>\n\t\t\t\t<\/div>\n\t\t\t\t\t<\/div>\n\t\t<\/div>\n\t\t\t\t\t\t\t<\/div>\n\t\t<\/section>\n\t\t\t\t<section class=\"elementor-section elementor-top-section elementor-element elementor-element-1843fddb elementor-section-boxed elementor-section-height-default elementor-section-height-default\" data-id=\"1843fddb\" data-element_type=\"section\" data-settings=\"{&quot;background_background&quot;:&quot;classic&quot;}\">\n\t\t\t\t\t\t<div class=\"elementor-container elementor-column-gap-no\">\n\t\t\t\t\t<div class=\"elementor-column elementor-col-100 elementor-top-column elementor-element elementor-element-6f3068f3\" data-id=\"6f3068f3\" data-element_type=\"column\">\n\t\t\t<div class=\"elementor-widget-wrap elementor-element-populated\">\n\t\t\t\t\t\t\t\t<div class=\"elementor-element elementor-element-1d9adbef elementor-invisible elementor-widget elementor-widget-heading\" data-id=\"1d9adbef\" data-element_type=\"widget\" data-settings=\"{&quot;_animation&quot;:&quot;fadeIn&quot;}\" data-widget_type=\"heading.default\">\n\t\t\t\t<div class=\"elementor-widget-container\">\n\t\t\t<h2 class=\"elementor-heading-title elementor-size-default\">Herzlich Willkommen in der Podologischen Fachpraxis von Nicole Stock<\/h2>\t\t<\/div>\n\t\t\t\t<\/div>\n\t\t\t\t<section class=\"elementor-section elementor-inner-section elementor-element elementor-element-4298bd11 elementor-section-full_width elementor-section-height-default elementor-section-height-default\" data-id=\"4298bd11\" data-element_type=\"section\">\n\t\t\t\t\t\t<div class=\"elementor-container elementor-column-gap-no\">\n\t\t\t\t\t<div class=\"elementor-column elementor-col-33 elementor-inner-column elementor-element elementor-element-306aca31\" data-id=\"306aca31\" data-element_type=\"column\">\n\t\t\t<div class=\"elementor-widget-wrap elementor-element-populated\">\n\t\t\t\t\t\t\t\t<div class=\"elementor-element elementor-element-74c209e3 elementor-view-stacked elementor-shape-square elementor-position-top elementor-mobile-position-top elementor-vertical-align-top elementor-invisible elementor-widget elementor-widget-icon-box\" data-id=\"74c209e3\" data-element_type=\"widget\" data-settings=\"{&quot;_animation&quot;:&quot;fadeIn&quot;,&quot;_animation_mobile&quot;:&quot;none&quot;}\" data-widget_type=\"icon-box.default\">\n\t\t\t\t<div class=\"elementor-widget-container\">\n\t\t\t<link rel=\"stylesheet\" href=\"https:\/\/podologiepraxis-stock.de\/wp-content\/plugins\/elementor\/assets\/css\/widget-icon-box.min.css\">\t\t<div class=\"elementor-icon-box-wrapper\">\n\t\t\t\t\t\t<div class=\"elementor-icon-box-icon\">\n\t\t\t\t<span class=\"elementor-icon elementor-animation-\" >\n\t\t\t\t<svg xmlns=\"http:\/\/www.w3.org\/2000\/svg\" viewBox=\"0 0 48.32 48.33\"><defs><style>.cls-1{fill:#fff;}<\/style><\/defs><g id=\"Ebene_2\" data-name=\"Ebene 2\"><g id=\"Ebene_1-2\" data-name=\"Ebene 1\"><path class=\"cls-1\" d=\"M34.49,13.82h8.27a6.9,6.9,0,0,1,1.11.07,5,5,0,0,1,4.41,5q.07,5.26,0,10.53a5.06,5.06,0,0,1-5.22,5.06c-2.59,0-5.18,0-7.76,0h-.78c0,.26,0,.49,0,.71V43a5.18,5.18,0,0,1-5.38,5.37c-3.35,0-6.7,0-10,0a5.09,5.09,0,0,1-5-3.81A6.3,6.3,0,0,1,13.83,43c0-2.58,0-5.17,0-7.76v-.75h-.7c-2.57,0-5.14-.08-7.7,0A5.22,5.22,0,0,1,0,29.23c0-3.43,0-6.86,0-10.29a5.1,5.1,0,0,1,5.24-5.12c2.61,0,5.21,0,7.82,0,.57,0,.77-.1.76-.73,0-2.65,0-5.29,0-7.94A5.09,5.09,0,0,1,18.87,0Q24.15,0,29.45,0a5.08,5.08,0,0,1,5,5.14c0,2.62,0,5.25,0,7.88Zm-5.66,22.5a3.73,3.73,0,0,0,1.91-3.8,3.6,3.6,0,0,0-2.6-3.25,37.39,37.39,0,0,0-4.22-1c-.49-.09-.65-.24-.64-.74,0-2.82,0-5.64,0-8.47,0-.9,0-1.8,0-2.7,0-.17.14-.48.25-.49a5.19,5.19,0,0,1,4.15.76,1.35,1.35,0,0,1-.13,2.38,20.31,20.31,0,0,1-2.15.9c-.17.07-.43.22-.44.35,0,.77,0,1.55,0,2.49a33.56,33.56,0,0,0,3.48-1.22A4.09,4.09,0,0,0,31,17.7,4.18,4.18,0,0,0,28.47,14a7.56,7.56,0,0,0-4-.89c-.36,0-.73,0-1.15,0,0-1.28,0-2.53,0-3.78,0-.14.16-.29.27-.41a1.71,1.71,0,0,0,.07-2.48,1.76,1.76,0,0,0-2.48,0,1.73,1.73,0,0,0,0,2.52,1.1,1.1,0,0,1,.29.65c0,1.17,0,2.35,0,3.52,0,.35-.13.47-.45.55-.64.17-1.26.42-1.91.59a3.2,3.2,0,0,1-1.07.11,5.69,5.69,0,0,0-5.29,2.18,1.72,1.72,0,0,0,1.06,2.86,5.7,5.7,0,0,0,5.64-1.92c.51-.72,1.24-.79,2-1.06V27.89A13.11,13.11,0,0,1,20,27.45a1.67,1.67,0,0,1-.5-3c.12-.12.28-.27.29-.41,0-.82,0-1.63,0-2.56a6.17,6.17,0,0,0-2.45,1.63,4,4,0,0,0,1.08,6.13,12.39,12.39,0,0,0,2.49.85c.41.11.56.24.56.69,0,3.88,0,7.76,0,11.64a5.37,5.37,0,0,0,0,.7.79.79,0,0,0,.87.77.81.81,0,0,0,.86-.79c0-.25,0-.51,0-.76V30.54a9.94,9.94,0,0,1,1.13.14,25.7,25.7,0,0,1,3,.83,2,2,0,0,1,1,1,1.51,1.51,0,0,1-.84,2c-.71.39-1.52.62-2.26.95-.16.07-.37.26-.38.41,0,.58,0,1.17,0,1.86A13.6,13.6,0,0,0,28.83,36.32ZM19.39,37c-.34.11-.67.22-1,.35a5.29,5.29,0,0,0-2.86,4.59.92.92,0,0,0,.79,1,1.08,1.08,0,0,0,1.12-.76c0-.11,0-.23.06-.34A3.35,3.35,0,0,1,19.59,39a.48.48,0,0,0,.22-.34c0-.56,0-1.13,0-1.77A3.06,3.06,0,0,0,19.39,37Zm-7-18c-.2.23-.44.48-.71.74a9.49,9.49,0,0,1-1.13.88,1.25,1.25,0,0,0,.48,0,1.34,1.34,0,0,0,.61-.27,1.83,1.83,0,0,0-.18.47.8.8,0,0,0,0,.46c.21-.34-.49.4,0,0,.24-.2,1.51-1.52,1.72-1.64a1.1,1.1,0,0,1-.46-.21A1.14,1.14,0,0,1,12.36,19Z\"><\/path><circle class=\"cls-1\" cx=\"15.54\" cy=\"16.98\" r=\"0.66\"><\/circle><\/g><\/g><\/svg>\t\t\t\t<\/span>\n\t\t\t<\/div>\n\t\t\t\t\t\t<div class=\"elementor-icon-box-content\">\n\t\t\t\t<h3 class=\"elementor-icon-box-title\">\n\t\t\t\t\t<span  >\n\t\t\t\t\t\tPodologische Komplexbehandlung\t\t\t\t\t<\/span>\n\t\t\t\t<\/h3>\n\t\t\t\t\t\t\t<\/div>\n\t\t<\/div>\n\t\t\t\t<\/div>\n\t\t\t\t<\/div>\n\t\t\t\t\t<\/div>\n\t\t<\/div>\n\t\t\t\t<div class=\"elementor-column elementor-col-33 elementor-inner-column elementor-element elementor-element-365761fe\" data-id=\"365761fe\" data-element_type=\"column\">\n\t\t\t<div class=\"elementor-widget-wrap\">\n\t\t\t\t\t\t\t\t\t<\/div>\n\t\t<\/div>\n\t\t\t\t<div class=\"elementor-column elementor-col-33 elementor-inner-column elementor-element elementor-element-2360e5d6\" data-id=\"2360e5d6\" data-element_type=\"column\">\n\t\t\t<div class=\"elementor-widget-wrap elementor-element-populated\">\n\t\t\t\t\t\t\t\t<div class=\"elementor-element elementor-element-9b0ba11 elementor-view-stacked elementor-shape-square elementor-position-top elementor-mobile-position-top elementor-vertical-align-top elementor-invisible elementor-widget elementor-widget-icon-box\" data-id=\"9b0ba11\" data-element_type=\"widget\" data-settings=\"{&quot;_animation&quot;:&quot;fadeIn&quot;,&quot;_animation_mobile&quot;:&quot;none&quot;}\" data-widget_type=\"icon-box.default\">\n\t\t\t\t<div class=\"elementor-widget-container\">\n\t\t\t\t\t<div class=\"elementor-icon-box-wrapper\">\n\t\t\t\t\t\t<div class=\"elementor-icon-box-icon\">\n\t\t\t\t<span class=\"elementor-icon elementor-animation-\" >\n\t\t\t\t<svg xmlns=\"http:\/\/www.w3.org\/2000\/svg\" viewBox=\"0 0 48.32 48.33\"><defs><style>.cls-1{fill:#fff;}<\/style><\/defs><g id=\"Ebene_2\" data-name=\"Ebene 2\"><g id=\"Ebene_1-2\" data-name=\"Ebene 1\"><path class=\"cls-1\" d=\"M34.49,13.82h8.27a6.9,6.9,0,0,1,1.11.07,5,5,0,0,1,4.41,5q.07,5.26,0,10.53a5.06,5.06,0,0,1-5.22,5.06c-2.59,0-5.18,0-7.76,0h-.78c0,.26,0,.49,0,.71V43a5.18,5.18,0,0,1-5.38,5.37c-3.35,0-6.7,0-10,0a5.09,5.09,0,0,1-5-3.81A6.3,6.3,0,0,1,13.83,43c0-2.58,0-5.17,0-7.76v-.75h-.7c-2.57,0-5.14-.08-7.7,0A5.22,5.22,0,0,1,0,29.23c0-3.43,0-6.86,0-10.29a5.1,5.1,0,0,1,5.24-5.12c2.61,0,5.21,0,7.82,0,.57,0,.77-.1.76-.73,0-2.65,0-5.29,0-7.94A5.09,5.09,0,0,1,18.87,0Q24.15,0,29.45,0a5.08,5.08,0,0,1,5,5.14c0,2.62,0,5.25,0,7.88Zm-5.66,22.5a3.73,3.73,0,0,0,1.91-3.8,3.6,3.6,0,0,0-2.6-3.25,37.39,37.39,0,0,0-4.22-1c-.49-.09-.65-.24-.64-.74,0-2.82,0-5.64,0-8.47,0-.9,0-1.8,0-2.7,0-.17.14-.48.25-.49a5.19,5.19,0,0,1,4.15.76,1.35,1.35,0,0,1-.13,2.38,20.31,20.31,0,0,1-2.15.9c-.17.07-.43.22-.44.35,0,.77,0,1.55,0,2.49a33.56,33.56,0,0,0,3.48-1.22A4.09,4.09,0,0,0,31,17.7,4.18,4.18,0,0,0,28.47,14a7.56,7.56,0,0,0-4-.89c-.36,0-.73,0-1.15,0,0-1.28,0-2.53,0-3.78,0-.14.16-.29.27-.41a1.71,1.71,0,0,0,.07-2.48,1.76,1.76,0,0,0-2.48,0,1.73,1.73,0,0,0,0,2.52,1.1,1.1,0,0,1,.29.65c0,1.17,0,2.35,0,3.52,0,.35-.13.47-.45.55-.64.17-1.26.42-1.91.59a3.2,3.2,0,0,1-1.07.11,5.69,5.69,0,0,0-5.29,2.18,1.72,1.72,0,0,0,1.06,2.86,5.7,5.7,0,0,0,5.64-1.92c.51-.72,1.24-.79,2-1.06V27.89A13.11,13.11,0,0,1,20,27.45a1.67,1.67,0,0,1-.5-3c.12-.12.28-.27.29-.41,0-.82,0-1.63,0-2.56a6.17,6.17,0,0,0-2.45,1.63,4,4,0,0,0,1.08,6.13,12.39,12.39,0,0,0,2.49.85c.41.11.56.24.56.69,0,3.88,0,7.76,0,11.64a5.37,5.37,0,0,0,0,.7.79.79,0,0,0,.87.77.81.81,0,0,0,.86-.79c0-.25,0-.51,0-.76V30.54a9.94,9.94,0,0,1,1.13.14,25.7,25.7,0,0,1,3,.83,2,2,0,0,1,1,1,1.51,1.51,0,0,1-.84,2c-.71.39-1.52.62-2.26.95-.16.07-.37.26-.38.41,0,.58,0,1.17,0,1.86A13.6,13.6,0,0,0,28.83,36.32ZM19.39,37c-.34.11-.67.22-1,.35a5.29,5.29,0,0,0-2.86,4.59.92.92,0,0,0,.79,1,1.08,1.08,0,0,0,1.12-.76c0-.11,0-.23.06-.34A3.35,3.35,0,0,1,19.59,39a.48.48,0,0,0,.22-.34c0-.56,0-1.13,0-1.77A3.06,3.06,0,0,0,19.39,37Zm-7-18c-.2.23-.44.48-.71.74a9.49,9.49,0,0,1-1.13.88,1.25,1.25,0,0,0,.48,0,1.34,1.34,0,0,0,.61-.27,1.83,1.83,0,0,0-.18.47.8.8,0,0,0,0,.46c.21-.34-.49.4,0,0,.24-.2,1.51-1.52,1.72-1.64a1.1,1.1,0,0,1-.46-.21A1.14,1.14,0,0,1,12.36,19Z\"><\/path><circle class=\"cls-1\" cx=\"15.54\" cy=\"16.98\" r=\"0.66\"><\/circle><\/g><\/g><\/svg>\t\t\t\t<\/span>\n\t\t\t<\/div>\n\t\t\t\t\t\t<div class=\"elementor-icon-box-content\">\n\t\t\t\t<h3 class=\"elementor-icon-box-title\">\n\t\t\t\t\t<span  >\n\t\t\t\t\t\tNagelkorrektur\t\t\t\t\t<\/span>\n\t\t\t\t<\/h3>\n\t\t\t\t\t\t\t<\/div>\n\t\t<\/div>\n\t\t\t\t<\/div>\n\t\t\t\t<\/div>\n\t\t\t\t\t<\/div>\n\t\t<\/div>\n\t\t\t\t\t\t\t<\/div>\n\t\t<\/section>\n\t\t\t\t\t<\/div>\n\t\t<\/div>\n\t\t\t\t\t\t\t<\/div>\n\t\t<\/section>\n\t\t\t\t<section class=\"elementor-section elementor-top-section elementor-element elementor-element-0b42f1f elementor-section-full_width elementor-section-height-default elementor-section-height-default\" data-id=\"0b42f1f\" data-element_type=\"section\">\n\t\t\t\t\t\t<div class=\"elementor-container elementor-column-gap-default\">\n\t\t\t\t\t<div class=\"elementor-column elementor-col-100 elementor-top-column elementor-element elementor-element-ac67f83\" data-id=\"ac67f83\" data-element_type=\"column\">\n\t\t\t<div class=\"elementor-widget-wrap elementor-element-populated\">\n\t\t\t\t\t\t\t\t<div class=\"elementor-element elementor-element-39d9df3 elementor-widget elementor-widget-image\" data-id=\"39d9df3\" data-element_type=\"widget\" data-settings=\"{&quot;motion_fx_motion_fx_scrolling&quot;:&quot;yes&quot;,&quot;motion_fx_scale_effect&quot;:&quot;yes&quot;,&quot;motion_fx_scale_range&quot;:{&quot;unit&quot;:&quot;%&quot;,&quot;size&quot;:&quot;&quot;,&quot;sizes&quot;:{&quot;start&quot;:27,&quot;end&quot;:100}},&quot;motion_fx_scale_direction&quot;:&quot;out-in&quot;,&quot;motion_fx_scale_speed&quot;:{&quot;unit&quot;:&quot;px&quot;,&quot;size&quot;:4,&quot;sizes&quot;:[]},&quot;motion_fx_devices&quot;:[&quot;desktop&quot;,&quot;tablet&quot;,&quot;mobile&quot;]}\" data-widget_type=\"image.default\">\n\t\t\t\t<div class=\"elementor-widget-container\">\n\t\t\t\t\t\t\t\t\t\t\t\t\t\t\t<img loading=\"lazy\" decoding=\"async\" width=\"2100\" height=\"763\" src=\"https:\/\/podologiepraxis-stock.de\/wp-content\/uploads\/2023\/04\/behandlung_panorama.jpg\" class=\"attachment-full size-full wp-image-421\" alt=\"\" srcset=\"https:\/\/podologiepraxis-stock.de\/wp-content\/uploads\/2023\/04\/behandlung_panorama.jpg 2100w, https:\/\/podologiepraxis-stock.de\/wp-content\/uploads\/2023\/04\/behandlung_panorama-300x109.jpg 300w, https:\/\/podologiepraxis-stock.de\/wp-content\/uploads\/2023\/04\/behandlung_panorama-1024x372.jpg 1024w, https:\/\/podologiepraxis-stock.de\/wp-content\/uploads\/2023\/04\/behandlung_panorama-768x279.jpg 768w, https:\/\/podologiepraxis-stock.de\/wp-content\/uploads\/2023\/04\/behandlung_panorama-1536x558.jpg 1536w, https:\/\/podologiepraxis-stock.de\/wp-content\/uploads\/2023\/04\/behandlung_panorama-2048x744.jpg 2048w\" sizes=\"auto, (max-width: 2100px) 100vw, 2100px\" \/>\t\t\t\t\t\t\t\t\t\t\t\t\t\t\t<\/div>\n\t\t\t\t<\/div>\n\t\t\t\t\t<\/div>\n\t\t<\/div>\n\t\t\t\t\t\t\t<\/div>\n\t\t<\/section>\n\t\t\t\t\t\t\t<\/div>\n\t\t","protected":false},"excerpt":{"rendered":"<p>Praxisurlaub vom 27.03.2026 bis zum 12.04.2026 Zur Zeit k\u00f6nnen wir keine Neupatienten aufnehmen Podologische Fu\u00dfbehandlung in G\u00fctersloh-Friedrichsdorf Herzlich Willkommen in der Podologischen Fachpraxis von Nicole Stock Podologische Komplexbehandlung Nagelkorrektur<\/p>\n","protected":false},"author":1,"featured_media":0,"parent":0,"menu_order":0,"comment_status":"closed","ping_status":"closed","template":"elementor_header_footer","meta":{"footnotes":""},"class_list":["post-100","page","type-page","status-publish","hentry"],"_links":{"self":[{"href":"https:\/\/podologiepraxis-stock.de\/index.php?rest_route=\/wp\/v2\/pages\/100","targetHints":{"allow":["GET"]}}],"collection":[{"href":"https:\/\/podologiepraxis-stock.de\/index.php?rest_route=\/wp\/v2\/pages"}],"about":[{"href":"https:\/\/podologiepraxis-stock.de\/index.php?rest_route=\/wp\/v2\/types\/page"}],"author":[{"embeddable":true,"href":"https:\/\/podologiepraxis-stock.de\/index.php?rest_route=\/wp\/v2\/users\/1"}],"replies":[{"embeddable":true,"href":"https:\/\/podologiepraxis-stock.de\/index.php?rest_route=%2Fwp%2Fv2%2Fcomments&post=100"}],"version-history":[{"count":168,"href":"https:\/\/podologiepraxis-stock.de\/index.php?rest_route=\/wp\/v2\/pages\/100\/revisions"}],"predecessor-version":[{"id":684,"href":"https:\/\/podologiepraxis-stock.de\/index.php?rest_route=\/wp\/v2\/pages\/100\/revisions\/684"}],"wp:attachment":[{"href":"https:\/\/podologiepraxis-stock.de\/index.php?rest_route=%2Fwp%2Fv2%2Fmedia&parent=100"}],"curies":[{"name":"wp","href":"https:\/\/api.w.org\/{rel}","templated":true}]}}